{"id":690,"date":"2020-03-09T15:15:40","date_gmt":"2020-03-09T14:15:40","guid":{"rendered":"http:\/\/teszt1.bcch.com\/?page_id=690"},"modified":"2020-04-19T12:31:21","modified_gmt":"2020-04-19T10:31:21","slug":"privacy-notice","status":"publish","type":"page","link":"https:\/\/bcch.com\/?page_id=690","title":{"rendered":"Privacy Notice"},"content":{"rendered":"<p>[et_pb_section fb_built=&#8221;1&#8243; _builder_version=&#8221;4.2.1&#8243;][et_pb_row _builder_version=&#8221;4.2.1&#8243;][et_pb_column type=&#8221;4_4&#8243; _builder_version=&#8221;4.2.1&#8243;][et_pb_text _builder_version=&#8221;4.4.3&#8243; hover_enabled=&#8221;0&#8243;]<\/p>\n<div class=\"s-content-band s-content-band--excerpt s-content-band--tertiary  s-content-band--buttons\">\n<div class=\"s-container\">\n<div class=\"s-row\">\n<div class=\"s-column s-column--md--8\">\n<div class=\"rte\">\n<p><span style=\"color: #000000; font-size: large;\"><strong>PRIVACY POLICY<\/strong><\/span><\/p>\n<p style=\"font-weight: 400;\"><span style=\"color: #000000; font-size: medium;\">The controller of the personal data is the\u00a0British Chamber of Commerce in Hungary\u00a0(address:\u00a018. Sas utca, H-1051 Budapest, telephone number:\u00a0+36 1 302-5200; email:\u00a0<a href=\"mailto:bcch@bcch.com\" style=\"color: #000000;\">bcch@bcch.com<\/a>; website:\u00a0<a href=\"http:\/\/www.bcch.com\/\" style=\"color: #000000;\">www.bcch.com<\/a>;\u00a0\u00a0(\u201c<strong>BCCH<\/strong>\u201d)<\/span><\/p>\n<p style=\"font-weight: 400;\"><span style=\"color: #000000; font-size: medium;\">The purpose of the data processing is sending\u00a0invitations and newsletters via email to those people who provided their name, position, phone number, email address and workplace information in advance. The data processing is based on Section 5 (1) (a) of Act CXII of 2011 on the Right of Self-Determination in Respect of Information and the Freedom of Information (\u201c<strong>Info Act<\/strong>\u201d), i.e. the voluntary and express consent of the data subject, based on adequate information, and by which it gives its unambiguous consent to the processing of its personal data (fully or only for certain operations). The personal data are processed\u00a0until the revocation of the consent from the relevant person.\u00a0The following people may have access to the data within BCCH: [The clear and detailed list of the people entitled to access the information shall be inserted. If BCCH has different departments, with more people having access to personal data in the organisation, the privacy information should include the processing rules of each department. The privacy information shall indicate the people that can access the data and the data processing operations they are entitled to perform by which means. It is not necessary to identify them by names; it is enough to indicate their position.]. The data will not be processed outside the organisation of BCCH.<\/span><\/p>\n<p style=\"font-weight: 400;\"><span style=\"color: #000000; font-size: medium;\"><strong>\u00a0<\/strong><\/span><\/p>\n<p style=\"font-weight: 400;\"><span style=\"color: #000000; font-size: medium;\"><strong>Data security measures<\/strong><\/span><\/p>\n<p style=\"font-weight: 400;\"><span style=\"color: #000000; font-size: medium;\">[NAIH expects that BCCH should describe briefly and clearly the data security measures that they use to protect the personal data. The summary of the most important measures should be sufficient. We protect the security of your information as follows:<\/span><\/p>\n<ul>\n<li style=\"font-weight: 400;\"><span style=\"color: #000000; font-size: medium;\">Encryption of the password provided by the user;<\/span><\/li>\n<li style=\"font-weight: 400;\"><span style=\"color: #000000; font-size: medium;\">Communication via encrypted SSL channel; and<\/span><\/li>\n<li style=\"font-weight: 400;\"><span style=\"color: #000000; font-size: medium;\">Restricted access to the information (e.g. only those people can access the data whom it is necessary to fulfil the above data processing purposes.]<\/span><\/li>\n<\/ul>\n<p style=\"font-weight: 400;\"><span style=\"color: #000000; font-size: medium;\"><strong>Data protection rights and remedies<\/strong><\/span><\/p>\n<p style=\"font-weight: 400;\"><span style=\"color: #000000; font-size: medium;\">The data subject has the right to request from BCCH\u00a0\u00a0(a) information on the processing of its personal data, (b) correction of its personal data or (c) the blocking or erasure of its personal data save for personal data subject to mandatory data processing. BCCH\u00a0\u00a0shall give information in writing, in a simple form, pursuant to the request of the data subject within the shortest amount of time from the submission of the request, but within 25 days. If BCCH does not fulfil the request of the data subject concerning correction, blocking or erasure, then BCCH shall communicate in writing or, with the consent of the data subject, electronically the factual and legal reasons of the rejection of the request concerning the correction, blocking or erasure within 25 days from the receipt of the request. In cases defined in Section 21 of the Info Act the relevant people may object to the processing of their personal data. BCCH examines the objection within the shortest amount of time from the submission of the request, but maximum within 15 days, makes a decision concerning its substantiation and notifies the applicant on its decision. When the rights of the relevant person are breached, or in the cases indicated in Section 21 of the Info Act, the data recipient may sue BCCH before court. The dispute \u2013 pursuant to the choice of the data subject \u2013 can be initiated in front of the tribunal based on the address of place of residence of the data subject. When the rights related to the personal data, data of public interest, on public information based on public interest are breached or jeopardised, the relevant person may also turn to the Hungarian Authority for Data Protection and Freedom of Information (<em>Nemzeti Adatv\u00e9delmi \u00e9s Inform\u00e1ci\u00f3szabads\u00e1g Hat\u00f3s\u00e1g<\/em>, 1125 Budapest, Szil\u00e1gyi Erzs\u00e9bet fasor 22\/C.; telephone: +36-1+391-1400; telefax: +36-1-391-1410; e-mail: ugyfelszolgalat@naih.hu) applying for an investigation. The detailed data protection rights and remedies are set out in the sub-chapters 13-17 and sub-chapter 30 of the Info Act. Prior to the initiation of a procedure it is advisable to send the complaint to BCCH first. [To be inserted: The contact and name of the competent person of BCCH\u00a0\u00a0in data protection matters]<\/span><\/p>\n<p style=\"font-weight: 400;\">\n<p style=\"font-weight: 400;\"><span style=\"color: #000000; font-size: medium;\">Budapest, 14 August 2018<\/span><\/p>\n<\/div>\n<\/div>\n<\/div>\n<\/div>\n<\/div>\n<p>[\/et_pb_text][\/et_pb_column][\/et_pb_row][\/et_pb_section]<\/p>\n","protected":false},"excerpt":{"rendered":"<p>PRIVACY POLICY The controller of the personal data is the\u00a0British Chamber of Commerce in Hungary\u00a0(address:\u00a018. Sas utca, H-1051 Budapest, telephone number:\u00a0+36 1 302-5200; email:\u00a0bcch@bcch.com; website:\u00a0www.bcch.com;\u00a0\u00a0(\u201cBCCH\u201d) The purpose of the data processing is sending\u00a0invitations and newsletters via email to those people who provided their name, position, phone number, email address and workplace information in advance. The [&hellip;]<\/p>\n","protected":false},"author":1,"featured_media":0,"parent":0,"menu_order":0,"comment_status":"closed","ping_status":"closed","template":"","meta":{"_et_pb_use_builder":"on","_et_pb_old_content":"<!-- wp:divi\/placeholder \/-->","_et_gb_content_width":"","footnotes":""},"class_list":["post-690","page","type-page","status-publish","hentry"],"yoast_head":"<!-- This site is optimized with the Yoast SEO plugin v24.7 - https:\/\/yoast.com\/wordpress\/plugins\/seo\/ -->\n<title>Privacy Notice - BCCH<\/title>\n<meta name=\"robots\" content=\"index, follow, max-snippet:-1, max-image-preview:large, max-video-preview:-1\" \/>\n<link rel=\"canonical\" href=\"https:\/\/bcch.com\/?page_id=690\" \/>\n<meta property=\"og:locale\" content=\"en_GB\" \/>\n<meta property=\"og:type\" content=\"article\" \/>\n<meta property=\"og:title\" content=\"Privacy Notice - BCCH\" \/>\n<meta property=\"og:description\" content=\"PRIVACY POLICY The controller of the personal data is the\u00a0British Chamber of Commerce in Hungary\u00a0(address:\u00a018. Sas utca, H-1051 Budapest, telephone number:\u00a0+36 1 302-5200; email:\u00a0bcch@bcch.com; website:\u00a0www.bcch.com;\u00a0\u00a0(\u201cBCCH\u201d) The purpose of the data processing is sending\u00a0invitations and newsletters via email to those people who provided their name, position, phone number, email address and workplace information in advance. The [&hellip;]\" \/>\n<meta property=\"og:url\" content=\"https:\/\/bcch.com\/?page_id=690\" \/>\n<meta property=\"og:site_name\" content=\"BCCH\" \/>\n<meta property=\"article:modified_time\" content=\"2020-04-19T10:31:21+00:00\" \/>\n<meta name=\"twitter:card\" content=\"summary_large_image\" \/>\n<meta name=\"twitter:label1\" content=\"Estimated reading time\" \/>\n\t<meta name=\"twitter:data1\" content=\"4 minutes\" \/>\n<script type=\"application\/ld+json\" class=\"yoast-schema-graph\">{\"@context\":\"https:\/\/schema.org\",\"@graph\":[{\"@type\":\"WebPage\",\"@id\":\"https:\/\/bcch.com\/?page_id=690\",\"url\":\"https:\/\/bcch.com\/?page_id=690\",\"name\":\"Privacy Notice - BCCH\",\"isPartOf\":{\"@id\":\"https:\/\/bcch.com\/#website\"},\"datePublished\":\"2020-03-09T14:15:40+00:00\",\"dateModified\":\"2020-04-19T10:31:21+00:00\",\"breadcrumb\":{\"@id\":\"https:\/\/bcch.com\/?page_id=690#breadcrumb\"},\"inLanguage\":\"en-GB\",\"potentialAction\":[{\"@type\":\"ReadAction\",\"target\":[\"https:\/\/bcch.com\/?page_id=690\"]}]},{\"@type\":\"BreadcrumbList\",\"@id\":\"https:\/\/bcch.com\/?page_id=690#breadcrumb\",\"itemListElement\":[{\"@type\":\"ListItem\",\"position\":1,\"name\":\"Home\",\"item\":\"https:\/\/bcch.com\/\"},{\"@type\":\"ListItem\",\"position\":2,\"name\":\"Privacy Notice\"}]},{\"@type\":\"WebSite\",\"@id\":\"https:\/\/bcch.com\/#website\",\"url\":\"https:\/\/bcch.com\/\",\"name\":\"BCCH\",\"description\":\"British Chamber of Commerce in Hungary\",\"potentialAction\":[{\"@type\":\"SearchAction\",\"target\":{\"@type\":\"EntryPoint\",\"urlTemplate\":\"https:\/\/bcch.com\/?s={search_term_string}\"},\"query-input\":{\"@type\":\"PropertyValueSpecification\",\"valueRequired\":true,\"valueName\":\"search_term_string\"}}],\"inLanguage\":\"en-GB\"}]}<\/script>\n<!-- \/ Yoast SEO plugin. -->","yoast_head_json":{"title":"Privacy Notice - BCCH","robots":{"index":"index","follow":"follow","max-snippet":"max-snippet:-1","max-image-preview":"max-image-preview:large","max-video-preview":"max-video-preview:-1"},"canonical":"https:\/\/bcch.com\/?page_id=690","og_locale":"en_GB","og_type":"article","og_title":"Privacy Notice - BCCH","og_description":"PRIVACY POLICY The controller of the personal data is the\u00a0British Chamber of Commerce in Hungary\u00a0(address:\u00a018. Sas utca, H-1051 Budapest, telephone number:\u00a0+36 1 302-5200; email:\u00a0bcch@bcch.com; website:\u00a0www.bcch.com;\u00a0\u00a0(\u201cBCCH\u201d) The purpose of the data processing is sending\u00a0invitations and newsletters via email to those people who provided their name, position, phone number, email address and workplace information in advance. The [&hellip;]","og_url":"https:\/\/bcch.com\/?page_id=690","og_site_name":"BCCH","article_modified_time":"2020-04-19T10:31:21+00:00","twitter_card":"summary_large_image","twitter_misc":{"Estimated reading time":"4 minutes"},"schema":{"@context":"https:\/\/schema.org","@graph":[{"@type":"WebPage","@id":"https:\/\/bcch.com\/?page_id=690","url":"https:\/\/bcch.com\/?page_id=690","name":"Privacy Notice - BCCH","isPartOf":{"@id":"https:\/\/bcch.com\/#website"},"datePublished":"2020-03-09T14:15:40+00:00","dateModified":"2020-04-19T10:31:21+00:00","breadcrumb":{"@id":"https:\/\/bcch.com\/?page_id=690#breadcrumb"},"inLanguage":"en-GB","potentialAction":[{"@type":"ReadAction","target":["https:\/\/bcch.com\/?page_id=690"]}]},{"@type":"BreadcrumbList","@id":"https:\/\/bcch.com\/?page_id=690#breadcrumb","itemListElement":[{"@type":"ListItem","position":1,"name":"Home","item":"https:\/\/bcch.com\/"},{"@type":"ListItem","position":2,"name":"Privacy Notice"}]},{"@type":"WebSite","@id":"https:\/\/bcch.com\/#website","url":"https:\/\/bcch.com\/","name":"BCCH","description":"British Chamber of Commerce in Hungary","potentialAction":[{"@type":"SearchAction","target":{"@type":"EntryPoint","urlTemplate":"https:\/\/bcch.com\/?s={search_term_string}"},"query-input":{"@type":"PropertyValueSpecification","valueRequired":true,"valueName":"search_term_string"}}],"inLanguage":"en-GB"}]}},"_links":{"self":[{"href":"https:\/\/bcch.com\/index.php?rest_route=\/wp\/v2\/pages\/690","targetHints":{"allow":["GET"]}}],"collection":[{"href":"https:\/\/bcch.com\/index.php?rest_route=\/wp\/v2\/pages"}],"about":[{"href":"https:\/\/bcch.com\/index.php?rest_route=\/wp\/v2\/types\/page"}],"author":[{"embeddable":true,"href":"https:\/\/bcch.com\/index.php?rest_route=\/wp\/v2\/users\/1"}],"replies":[{"embeddable":true,"href":"https:\/\/bcch.com\/index.php?rest_route=%2Fwp%2Fv2%2Fcomments&post=690"}],"version-history":[{"count":6,"href":"https:\/\/bcch.com\/index.php?rest_route=\/wp\/v2\/pages\/690\/revisions"}],"predecessor-version":[{"id":1539,"href":"https:\/\/bcch.com\/index.php?rest_route=\/wp\/v2\/pages\/690\/revisions\/1539"}],"wp:attachment":[{"href":"https:\/\/bcch.com\/index.php?rest_route=%2Fwp%2Fv2%2Fmedia&parent=690"}],"curies":[{"name":"wp","href":"https:\/\/api.w.org\/{rel}","templated":true}]}}