{"id":587,"date":"2020-02-13T23:01:22","date_gmt":"2020-02-13T22:01:22","guid":{"rendered":"http:\/\/teszt1.bcch.com\/?page_id=587"},"modified":"2023-10-09T17:32:26","modified_gmt":"2023-10-09T15:32:26","slug":"events-2","status":"publish","type":"page","link":"https:\/\/bcch.com\/?page_id=587","title":{"rendered":"Photo Gallery"},"content":{"rendered":"<p>[et_pb_section fb_built=&#8221;1&#8243; _builder_version=&#8221;4.16&#8243; custom_padding=&#8221;17px|||||&#8221; global_colors_info=&#8221;{}&#8221;][et_pb_row _builder_version=&#8221;4.16&#8243; global_colors_info=&#8221;{}&#8221;][et_pb_column type=&#8221;4_4&#8243; _builder_version=&#8221;4.16&#8243; global_colors_info=&#8221;{}&#8221;][et_pb_text _builder_version=&#8221;4.16&#8243; global_colors_info=&#8221;{}&#8221;]<\/p>\n<h1 style=\"text-align: center;\">GALLERY<\/h1>\n<p>[\/et_pb_text][et_pb_text _builder_version=&#8221;4.21.0&#8243; hover_enabled=&#8221;0&#8243; global_colors_info=&#8221;{}&#8221; sticky_enabled=&#8221;0&#8243;]<\/p>\n<ul>\n<li>\n<h3><a href=\"https:\/\/bcch.com\/?page_id=929\" target=\"_blank\" rel=\"noopener noreferrer\">AGM<\/a><\/h3>\n<\/li>\n<li>\n<h3><a href=\"https:\/\/bcch.com\/?page_id=931\" target=\"_blank\" rel=\"noopener noreferrer\">Artists and the Residence<\/a><\/h3>\n<\/li>\n<li>\n<h3><a href=\"https:\/\/bcch.com\/?page_id=933\">Budapest Airport Sightseeing<\/a><\/h3>\n<\/li>\n<li>\n<h3>CEO Dinner<\/h3>\n<ul>\n<li><a href=\"https:\/\/bcch.com\/?page_id=937\" target=\"_blank\" rel=\"noopener noreferrer\">Gundel &#8211; Tesco<\/a><\/li>\n<li><a href=\"https:\/\/bcch.com\/?page_id=939\" target=\"_blank\" rel=\"noopener noreferrer\">Hilton &#8211; Nestl\u00e9<\/a><\/li>\n<li><a href=\"https:\/\/bcch.com\/?page_id=941\" target=\"_blank\" rel=\"noopener noreferrer\">Minute K\u00f6zbeszerz\u00e9s<\/a><\/li>\n<\/ul>\n<\/li>\n<li>\n<h3><a href=\"https:\/\/bcch.com\/?page_id=943\" target=\"_blank\" rel=\"noopener noreferrer\">Christmas Party<\/a><\/h3>\n<\/li>\n<li>\n<h3><a href=\"https:\/\/bcch.com\/?page_id=945\" target=\"_blank\" rel=\"noopener noreferrer\">Christmas Party II<\/a><\/h3>\n<\/li>\n<li>\n<h3><a href=\"https:\/\/bcch.com\/?page_id=947\">Family Day<\/a><\/h3>\n<\/li>\n<li>\n<h3><a href=\"https:\/\/bcch.com\/?page_id=949\" target=\"_blank\" rel=\"noopener noreferrer\">Low Carbon &#8211; Green Economic Transition<\/a><\/h3>\n<\/li>\n<li>\n<h3><a href=\"https:\/\/bcch.com\/?page_id=951\">Rugby<\/a><\/h3>\n<\/li>\n<li>\n<h3><a href=\"https:\/\/bcch.com\/?page_id=953\" target=\"_blank\" rel=\"noopener noreferrer\">Sport is GREAT<\/a><\/h3>\n<\/li>\n<li>\n<h3><a href=\"https:\/\/bcch.com\/?page_id=955\" target=\"_blank\" rel=\"noopener noreferrer\">Wimbledon<\/a><\/h3>\n<\/li>\n<\/ul>\n<p>[\/et_pb_text][\/et_pb_column][\/et_pb_row][\/et_pb_section]<\/p>\n","protected":false},"excerpt":{"rendered":"<p>GALLERY AGM Artists and the Residence Budapest Airport Sightseeing CEO Dinner Gundel &#8211; Tesco Hilton &#8211; Nestl\u00e9 Minute K\u00f6zbeszerz\u00e9s Christmas Party Christmas Party II Family Day Low Carbon &#8211; Green Economic Transition Rugby Sport is GREAT Wimbledon<\/p>\n","protected":false},"author":1,"featured_media":0,"parent":0,"menu_order":0,"comment_status":"closed","ping_status":"closed","template":"","meta":{"_et_pb_use_builder":"on","_et_pb_old_content":"","_et_gb_content_width":"","footnotes":""},"class_list":["post-587","page","type-page","status-publish","hentry"],"yoast_head":"<!-- This site is optimized with the Yoast SEO plugin v24.7 - https:\/\/yoast.com\/wordpress\/plugins\/seo\/ -->\n<title>Photo Gallery - BCCH<\/title>\n<meta name=\"robots\" content=\"index, follow, max-snippet:-1, max-image-preview:large, max-video-preview:-1\" \/>\n<link rel=\"canonical\" href=\"https:\/\/bcch.com\/?page_id=587\" \/>\n<meta property=\"og:locale\" content=\"en_GB\" \/>\n<meta property=\"og:type\" content=\"article\" \/>\n<meta property=\"og:title\" content=\"Photo Gallery - BCCH\" \/>\n<meta property=\"og:description\" content=\"GALLERY AGM Artists and the Residence Budapest Airport Sightseeing CEO Dinner Gundel - Tesco Hilton - Nestl\u00e9 Minute K\u00f6zbeszerz\u00e9s Christmas Party Christmas Party II Family Day Low Carbon - Green Economic Transition Rugby Sport is GREAT Wimbledon\" \/>\n<meta property=\"og:url\" content=\"https:\/\/bcch.com\/?page_id=587\" \/>\n<meta property=\"og:site_name\" content=\"BCCH\" \/>\n<meta property=\"article:modified_time\" content=\"2023-10-09T15:32:26+00:00\" \/>\n<meta name=\"twitter:card\" content=\"summary_large_image\" \/>\n<meta name=\"twitter:label1\" content=\"Estimated reading time\" \/>\n\t<meta name=\"twitter:data1\" content=\"1 minute\" \/>\n<script type=\"application\/ld+json\" class=\"yoast-schema-graph\">{\"@context\":\"https:\/\/schema.org\",\"@graph\":[{\"@type\":\"WebPage\",\"@id\":\"https:\/\/bcch.com\/?page_id=587\",\"url\":\"https:\/\/bcch.com\/?page_id=587\",\"name\":\"Photo Gallery - BCCH\",\"isPartOf\":{\"@id\":\"https:\/\/bcch.com\/#website\"},\"datePublished\":\"2020-02-13T22:01:22+00:00\",\"dateModified\":\"2023-10-09T15:32:26+00:00\",\"breadcrumb\":{\"@id\":\"https:\/\/bcch.com\/?page_id=587#breadcrumb\"},\"inLanguage\":\"en-GB\",\"potentialAction\":[{\"@type\":\"ReadAction\",\"target\":[\"https:\/\/bcch.com\/?page_id=587\"]}]},{\"@type\":\"BreadcrumbList\",\"@id\":\"https:\/\/bcch.com\/?page_id=587#breadcrumb\",\"itemListElement\":[{\"@type\":\"ListItem\",\"position\":1,\"name\":\"Home\",\"item\":\"https:\/\/bcch.com\/\"},{\"@type\":\"ListItem\",\"position\":2,\"name\":\"Photo Gallery\"}]},{\"@type\":\"WebSite\",\"@id\":\"https:\/\/bcch.com\/#website\",\"url\":\"https:\/\/bcch.com\/\",\"name\":\"BCCH\",\"description\":\"British Chamber of Commerce in Hungary\",\"potentialAction\":[{\"@type\":\"SearchAction\",\"target\":{\"@type\":\"EntryPoint\",\"urlTemplate\":\"https:\/\/bcch.com\/?s={search_term_string}\"},\"query-input\":{\"@type\":\"PropertyValueSpecification\",\"valueRequired\":true,\"valueName\":\"search_term_string\"}}],\"inLanguage\":\"en-GB\"}]}<\/script>\n<!-- \/ Yoast SEO plugin. -->","yoast_head_json":{"title":"Photo Gallery - BCCH","robots":{"index":"index","follow":"follow","max-snippet":"max-snippet:-1","max-image-preview":"max-image-preview:large","max-video-preview":"max-video-preview:-1"},"canonical":"https:\/\/bcch.com\/?page_id=587","og_locale":"en_GB","og_type":"article","og_title":"Photo Gallery - BCCH","og_description":"GALLERY AGM Artists and the Residence Budapest Airport Sightseeing CEO Dinner Gundel - Tesco Hilton - Nestl\u00e9 Minute K\u00f6zbeszerz\u00e9s Christmas Party Christmas Party II Family Day Low Carbon - Green Economic Transition Rugby Sport is GREAT Wimbledon","og_url":"https:\/\/bcch.com\/?page_id=587","og_site_name":"BCCH","article_modified_time":"2023-10-09T15:32:26+00:00","twitter_card":"summary_large_image","twitter_misc":{"Estimated reading time":"1 minute"},"schema":{"@context":"https:\/\/schema.org","@graph":[{"@type":"WebPage","@id":"https:\/\/bcch.com\/?page_id=587","url":"https:\/\/bcch.com\/?page_id=587","name":"Photo Gallery - BCCH","isPartOf":{"@id":"https:\/\/bcch.com\/#website"},"datePublished":"2020-02-13T22:01:22+00:00","dateModified":"2023-10-09T15:32:26+00:00","breadcrumb":{"@id":"https:\/\/bcch.com\/?page_id=587#breadcrumb"},"inLanguage":"en-GB","potentialAction":[{"@type":"ReadAction","target":["https:\/\/bcch.com\/?page_id=587"]}]},{"@type":"BreadcrumbList","@id":"https:\/\/bcch.com\/?page_id=587#breadcrumb","itemListElement":[{"@type":"ListItem","position":1,"name":"Home","item":"https:\/\/bcch.com\/"},{"@type":"ListItem","position":2,"name":"Photo Gallery"}]},{"@type":"WebSite","@id":"https:\/\/bcch.com\/#website","url":"https:\/\/bcch.com\/","name":"BCCH","description":"British Chamber of Commerce in Hungary","potentialAction":[{"@type":"SearchAction","target":{"@type":"EntryPoint","urlTemplate":"https:\/\/bcch.com\/?s={search_term_string}"},"query-input":{"@type":"PropertyValueSpecification","valueRequired":true,"valueName":"search_term_string"}}],"inLanguage":"en-GB"}]}},"_links":{"self":[{"href":"https:\/\/bcch.com\/index.php?rest_route=\/wp\/v2\/pages\/587","targetHints":{"allow":["GET"]}}],"collection":[{"href":"https:\/\/bcch.com\/index.php?rest_route=\/wp\/v2\/pages"}],"about":[{"href":"https:\/\/bcch.com\/index.php?rest_route=\/wp\/v2\/types\/page"}],"author":[{"embeddable":true,"href":"https:\/\/bcch.com\/index.php?rest_route=\/wp\/v2\/users\/1"}],"replies":[{"embeddable":true,"href":"https:\/\/bcch.com\/index.php?rest_route=%2Fwp%2Fv2%2Fcomments&post=587"}],"version-history":[{"count":6,"href":"https:\/\/bcch.com\/index.php?rest_route=\/wp\/v2\/pages\/587\/revisions"}],"predecessor-version":[{"id":4362,"href":"https:\/\/bcch.com\/index.php?rest_route=\/wp\/v2\/pages\/587\/revisions\/4362"}],"wp:attachment":[{"href":"https:\/\/bcch.com\/index.php?rest_route=%2Fwp%2Fv2%2Fmedia&parent=587"}],"curies":[{"name":"wp","href":"https:\/\/api.w.org\/{rel}","templated":true}]}}